{"id":138,"date":"2023-04-19T16:36:57","date_gmt":"2023-04-19T14:36:57","guid":{"rendered":"http:\/\/iks-spartakus.kozminwlkp.pl\/?page_id=138"},"modified":"2025-07-23T10:12:39","modified_gmt":"2025-07-23T08:12:39","slug":"dokumenty","status":"publish","type":"page","link":"https:\/\/iks-spartakus.kozminwlkp.pl\/index.php\/dokumenty\/","title":{"rendered":"Dokumenty"},"content":{"rendered":"\n<ul class=\"wp-block-list\">\n<li>Deklaracja cz\u0142onkowska<\/li>\n<\/ul>\n\n\n\n<div data-wp-interactive=\"core\/file\" class=\"wp-block-file\"><object data-wp-bind--hidden=\"!state.hasPdfPreview\" hidden class=\"wp-block-file__embed\" data=\"https:\/\/iks-spartakus.kozminwlkp.pl\/wp-content\/uploads\/2025\/07\/Deklaracja-czlonkowska-IKS-Spartakus.pdf\" type=\"application\/pdf\" style=\"width:100%;height:200px\" aria-label=\"Osadzone z Deklaracja-czlonkowska-IKS-Spartakus.\"><\/object><a id=\"wp-block-file--media-53ae1998-5ca0-49f1-94d8-ae886e78e8e5\" href=\"https:\/\/iks-spartakus.kozminwlkp.pl\/wp-content\/uploads\/2025\/07\/Deklaracja-czlonkowska-IKS-Spartakus.pdf\">Deklaracja-czlonkowska-IKS-Spartakus<\/a><a href=\"https:\/\/iks-spartakus.kozminwlkp.pl\/wp-content\/uploads\/2025\/07\/Deklaracja-czlonkowska-IKS-Spartakus.pdf\" class=\"wp-block-file__button wp-element-button\" download aria-describedby=\"wp-block-file--media-53ae1998-5ca0-49f1-94d8-ae886e78e8e5\">Pobierz<\/a><\/div>\n\n\n\n<ul class=\"wp-block-list\">\n<li>Deklaracja cz\u0142onkowska &#8211; osoba nieletnia<\/li>\n<\/ul>\n\n\n\n<div data-wp-interactive=\"core\/file\" class=\"wp-block-file\"><object data-wp-bind--hidden=\"!state.hasPdfPreview\" hidden class=\"wp-block-file__embed\" data=\"https:\/\/iks-spartakus.kozminwlkp.pl\/wp-content\/uploads\/2025\/07\/Deklaracja-czlonkowska-osoby-nieletniej-IKS-Spartakus_.pdf\" type=\"application\/pdf\" style=\"width:100%;height:200px\" aria-label=\"Osadzone z Deklaracja cz\u0142onkowska osoby nieletniej IKS \u201cSpartakus_.\"><\/object><a id=\"wp-block-file--media-818593e3-cdbb-4528-bcc2-145a561c2f2e\" href=\"https:\/\/iks-spartakus.kozminwlkp.pl\/wp-content\/uploads\/2025\/07\/Deklaracja-czlonkowska-osoby-nieletniej-IKS-Spartakus_.pdf\">Deklaracja cz\u0142onkowska osoby nieletniej IKS \u201cSpartakus_<\/a><a href=\"https:\/\/iks-spartakus.kozminwlkp.pl\/wp-content\/uploads\/2025\/07\/Deklaracja-czlonkowska-osoby-nieletniej-IKS-Spartakus_.pdf\" class=\"wp-block-file__button wp-element-button\" download aria-describedby=\"wp-block-file--media-818593e3-cdbb-4528-bcc2-145a561c2f2e\">Pobierz<\/a><\/div>\n\n\n\n<ul class=\"wp-block-list\">\n<li>Regulamin korzystania z kortu<\/li>\n<\/ul>\n\n\n\n<div data-wp-interactive=\"core\/file\" class=\"wp-block-file\"><object data-wp-bind--hidden=\"!state.hasPdfPreview\" hidden class=\"wp-block-file__embed\" data=\"https:\/\/iks-spartakus.kozminwlkp.pl\/wp-content\/uploads\/2025\/07\/Regulamin-korzystania-z-kortu-IKS-Spartakus.pdf\" type=\"application\/pdf\" style=\"width:100%;height:210px\" aria-label=\"Osadzone z Regulamin-korzystania-z-kortu-IKS-Spartakus.\"><\/object><a id=\"wp-block-file--media-3cd08282-8106-412f-a045-e6828629d125\" href=\"https:\/\/iks-spartakus.kozminwlkp.pl\/wp-content\/uploads\/2025\/07\/Regulamin-korzystania-z-kortu-IKS-Spartakus.pdf\">Regulamin-korzystania-z-kortu-IKS-Spartakus<\/a><a href=\"https:\/\/iks-spartakus.kozminwlkp.pl\/wp-content\/uploads\/2025\/07\/Regulamin-korzystania-z-kortu-IKS-Spartakus.pdf\" class=\"wp-block-file__button wp-element-button\" download aria-describedby=\"wp-block-file--media-3cd08282-8106-412f-a045-e6828629d125\">Pobierz<\/a><\/div>\n\n\n\n<ul class=\"wp-block-list\">\n<li>Prawa i obowi\u0105zki cz\u0142onk\u00f3w IKS &#8222;Spartakus&#8221;<\/li>\n<\/ul>\n\n\n\n<div data-wp-interactive=\"core\/file\" class=\"wp-block-file\"><object data-wp-bind--hidden=\"!state.hasPdfPreview\" hidden class=\"wp-block-file__embed\" data=\"https:\/\/iks-spartakus.kozminwlkp.pl\/wp-content\/uploads\/2025\/07\/Prawa-i-obowiazki-czlonkow-IKS-Spartakus.pdf\" type=\"application\/pdf\" style=\"width:100%;height:200px\" aria-label=\"Osadzone z Prawa-i-obowiazki-czlonkow-IKS-Spartakus.\"><\/object><a id=\"wp-block-file--media-6c60e2e8-97d5-4c0c-a999-bd1e9d9ad2db\" href=\"https:\/\/iks-spartakus.kozminwlkp.pl\/wp-content\/uploads\/2025\/07\/Prawa-i-obowiazki-czlonkow-IKS-Spartakus.pdf\">Prawa-i-obowiazki-czlonkow-IKS-Spartakus<\/a><a href=\"https:\/\/iks-spartakus.kozminwlkp.pl\/wp-content\/uploads\/2025\/07\/Prawa-i-obowiazki-czlonkow-IKS-Spartakus.pdf\" class=\"wp-block-file__button wp-element-button\" download aria-describedby=\"wp-block-file--media-6c60e2e8-97d5-4c0c-a999-bd1e9d9ad2db\">Pobierz<\/a><\/div>\n\n\n\n<p><\/p>\n","protected":false},"excerpt":{"rendered":"","protected":false},"author":1,"featured_media":0,"parent":0,"menu_order":0,"comment_status":"closed","ping_status":"closed","template":"","meta":{"footnotes":""},"class_list":["post-138","page","type-page","status-publish","hentry"],"_links":{"self":[{"href":"https:\/\/iks-spartakus.kozminwlkp.pl\/index.php\/wp-json\/wp\/v2\/pages\/138","targetHints":{"allow":["GET"]}}],"collection":[{"href":"https:\/\/iks-spartakus.kozminwlkp.pl\/index.php\/wp-json\/wp\/v2\/pages"}],"about":[{"href":"https:\/\/iks-spartakus.kozminwlkp.pl\/index.php\/wp-json\/wp\/v2\/types\/page"}],"author":[{"embeddable":true,"href":"https:\/\/iks-spartakus.kozminwlkp.pl\/index.php\/wp-json\/wp\/v2\/users\/1"}],"replies":[{"embeddable":true,"href":"https:\/\/iks-spartakus.kozminwlkp.pl\/index.php\/wp-json\/wp\/v2\/comments?post=138"}],"version-history":[{"count":10,"href":"https:\/\/iks-spartakus.kozminwlkp.pl\/index.php\/wp-json\/wp\/v2\/pages\/138\/revisions"}],"predecessor-version":[{"id":599,"href":"https:\/\/iks-spartakus.kozminwlkp.pl\/index.php\/wp-json\/wp\/v2\/pages\/138\/revisions\/599"}],"wp:attachment":[{"href":"https:\/\/iks-spartakus.kozminwlkp.pl\/index.php\/wp-json\/wp\/v2\/media?parent=138"}],"curies":[{"name":"wp","href":"https:\/\/api.w.org\/{rel}","templated":true}]}}