{"id":2,"date":"2023-03-22T22:16:02","date_gmt":"2023-03-22T21:16:02","guid":{"rendered":"http:\/\/iks-spartakus.kozminwlkp.pl\/?page_id=2"},"modified":"2025-04-27T11:02:46","modified_gmt":"2025-04-27T09:02:46","slug":"przykladowa-strona","status":"publish","type":"page","link":"https:\/\/iks-spartakus.kozminwlkp.pl\/index.php\/przykladowa-strona\/","title":{"rendered":"Kontakt"},"content":{"rendered":"\n<h3 class=\"wp-block-heading\"><strong>INTEGRACYJNY KLUB SPORTOWY &#8222;SPARTAKUS&#8221;<\/strong><\/h3>\n\n\n\n<h4 class=\"wp-block-heading\">Plac Naj\u015bwi\u0119tszej Marii Panny 2<br>63-720 Ko\u017amin&nbsp;Wielkopolski<\/h4>\n\n\n\n<h4 class=\"wp-block-heading\">KRS 0000126050<br>Regon: 250971320<br>NIP 621-16-14-541<\/h4>\n\n\n\n<h3 class=\"wp-block-heading\"><strong>Konto bankowe:<\/strong><\/h3>\n\n\n\n<h4 class=\"wp-block-heading\">Bank Sp\u00f3\u0142dzielczy w Jarocinie o\/Ko\u017amin Wlkp.<br>68 8427 0009 0100 0156 2000 0002<\/h4>\n\n\n\n<h3 class=\"wp-block-heading\"><strong>email:<\/strong> iks.spartakus@gmail.com<\/h3>\n\n\n\n<h3 class=\"wp-block-heading\"><strong>strona www: <\/strong>iks-spartakus.kozminwlkp.pl<\/h3>\n","protected":false},"excerpt":{"rendered":"<p>INTEGRACYJNY KLUB SPORTOWY &#8222;SPARTAKUS&#8221; Plac Naj\u015bwi\u0119tszej Marii Panny 263-720 Ko\u017amin&nbsp;Wielkopolski KRS 0000126050Regon: 250971320NIP 621-16-14-541 Konto bankowe: Bank Sp\u00f3\u0142dzielczy w Jarocinie o\/Ko\u017amin Wlkp.68 8427 0009 0100&hellip;<\/p>\n","protected":false},"author":1,"featured_media":0,"parent":0,"menu_order":0,"comment_status":"closed","ping_status":"open","template":"","meta":{"footnotes":""},"class_list":["post-2","page","type-page","status-publish","hentry"],"_links":{"self":[{"href":"https:\/\/iks-spartakus.kozminwlkp.pl\/index.php\/wp-json\/wp\/v2\/pages\/2","targetHints":{"allow":["GET"]}}],"collection":[{"href":"https:\/\/iks-spartakus.kozminwlkp.pl\/index.php\/wp-json\/wp\/v2\/pages"}],"about":[{"href":"https:\/\/iks-spartakus.kozminwlkp.pl\/index.php\/wp-json\/wp\/v2\/types\/page"}],"author":[{"embeddable":true,"href":"https:\/\/iks-spartakus.kozminwlkp.pl\/index.php\/wp-json\/wp\/v2\/users\/1"}],"replies":[{"embeddable":true,"href":"https:\/\/iks-spartakus.kozminwlkp.pl\/index.php\/wp-json\/wp\/v2\/comments?post=2"}],"version-history":[{"count":8,"href":"https:\/\/iks-spartakus.kozminwlkp.pl\/index.php\/wp-json\/wp\/v2\/pages\/2\/revisions"}],"predecessor-version":[{"id":443,"href":"https:\/\/iks-spartakus.kozminwlkp.pl\/index.php\/wp-json\/wp\/v2\/pages\/2\/revisions\/443"}],"wp:attachment":[{"href":"https:\/\/iks-spartakus.kozminwlkp.pl\/index.php\/wp-json\/wp\/v2\/media?parent=2"}],"curies":[{"name":"wp","href":"https:\/\/api.w.org\/{rel}","templated":true}]}}