{"id":21,"date":"2023-03-22T23:32:08","date_gmt":"2023-03-22T22:32:08","guid":{"rendered":"http:\/\/iks-spartakus.kozminwlkp.pl\/?page_id=21"},"modified":"2023-03-23T00:04:50","modified_gmt":"2023-03-22T23:04:50","slug":"o-nas","status":"publish","type":"page","link":"https:\/\/iks-spartakus.kozminwlkp.pl\/index.php\/o-nas\/","title":{"rendered":"O nas"},"content":{"rendered":"\n<h3 class=\"wp-block-heading\">Serdecznie witamy na naszej stronie internetowej!<\/h3>\n\n\n\n<p>Zapraszamy wszystkich ch\u0119tnych, r\u00f3wnie\u017c osoby niepe\u0142nosprawne posiadaj\u0105cego orzeczenie o stopniu niepe\u0142nosprawno\u015bci, do wst\u0105pienia w szeregi naszego\u00a0<strong>Integracyjnego Klubu Sportowego \u201eSPARTAKUS\u201d Ko\u017amin Wielkopolski.<\/strong><\/p>\n\n\n\n<p>Integracyjny Klub Sportowy \u201eSPARTAKUS\u201d Ko\u017amin Wielkopolski istnieje od 1996 roku (wcze\u015bniej jako TKKF \u201eSpartakus\u201d) i zrzesza ok. 60 cz\u0142onk\u00f3w w tym osoby niepe\u0142nosprawne.<\/p>\n\n\n\n<p>Cz\u0142onkami IKS \u201eSPARTAKUS\u201d Ko\u017amin Wlkp. mog\u0105 by\u0107 wszystkie osoby fizyczne, kt\u00f3re z\u0142o\u017c\u0105 pisemn\u0105 deklaracj\u0119 przyst\u0105pienia do Klubu (ma\u0142oletni, w wieku poni\u017cej 16 lat za zgod\u0105 ich przedstawicieli ustawowych) oraz op\u0142ac\u0105 wpisowe.<\/p>\n","protected":false},"excerpt":{"rendered":"<p>Serdecznie witamy na naszej stronie internetowej! Zapraszamy wszystkich ch\u0119tnych, r\u00f3wnie\u017c osoby niepe\u0142nosprawne posiadaj\u0105cego orzeczenie o stopniu niepe\u0142nosprawno\u015bci, do wst\u0105pienia w szeregi naszego\u00a0Integracyjnego Klubu Sportowego \u201eSPARTAKUS\u201d&hellip;<\/p>\n","protected":false},"author":1,"featured_media":0,"parent":0,"menu_order":0,"comment_status":"closed","ping_status":"closed","template":"","meta":{"footnotes":""},"class_list":["post-21","page","type-page","status-publish","hentry"],"_links":{"self":[{"href":"https:\/\/iks-spartakus.kozminwlkp.pl\/index.php\/wp-json\/wp\/v2\/pages\/21","targetHints":{"allow":["GET"]}}],"collection":[{"href":"https:\/\/iks-spartakus.kozminwlkp.pl\/index.php\/wp-json\/wp\/v2\/pages"}],"about":[{"href":"https:\/\/iks-spartakus.kozminwlkp.pl\/index.php\/wp-json\/wp\/v2\/types\/page"}],"author":[{"embeddable":true,"href":"https:\/\/iks-spartakus.kozminwlkp.pl\/index.php\/wp-json\/wp\/v2\/users\/1"}],"replies":[{"embeddable":true,"href":"https:\/\/iks-spartakus.kozminwlkp.pl\/index.php\/wp-json\/wp\/v2\/comments?post=21"}],"version-history":[{"count":5,"href":"https:\/\/iks-spartakus.kozminwlkp.pl\/index.php\/wp-json\/wp\/v2\/pages\/21\/revisions"}],"predecessor-version":[{"id":40,"href":"https:\/\/iks-spartakus.kozminwlkp.pl\/index.php\/wp-json\/wp\/v2\/pages\/21\/revisions\/40"}],"wp:attachment":[{"href":"https:\/\/iks-spartakus.kozminwlkp.pl\/index.php\/wp-json\/wp\/v2\/media?parent=21"}],"curies":[{"name":"wp","href":"https:\/\/api.w.org\/{rel}","templated":true}]}}